{"id":2438,"date":"2018-07-10T14:25:51","date_gmt":"2018-07-10T14:25:51","guid":{"rendered":"https:\/\/vrw.pt\/projeto-vrw\/"},"modified":"2024-02-16T10:38:28","modified_gmt":"2024-02-16T10:38:28","slug":"vrw-world","status":"publish","type":"page","link":"https:\/\/vrw.pt\/en\/vrw-world\/","title":{"rendered":"VRW WORLD"},"content":{"rendered":"<p>[vc_row full_width=&#8221;stretch_row_content&#8221; el_class=&#8221;bg-center bg-norepeat&#8221; css=&#8221;.vc_custom_1519295117669{margin-bottom: 80px !important;background-position: 0 0 !important;background-repeat: no-repeat !important;}&#8221;][vc_column css=&#8221;.vc_custom_1493181460956{padding-top: 0px !important;}&#8221;][vc_row_inner content_placement=&#8221;middle&#8221; css=&#8221;.vc_custom_1493195070708{margin-bottom: 20px !important;}&#8221;][vc_column_inner width=&#8221;1\/2&#8243; css=&#8221;.vc_custom_1493189988909{margin-bottom: 30px !important;padding-top: 0px !important;}&#8221;][vc_single_image image=&#8221;2126&#8243; img_size=&#8221;full&#8221; alignment=&#8221;right&#8221; css=&#8221;.vc_custom_1517921487510{margin-right: 80px !important;margin-bottom: 0px !important;}&#8221;][\/vc_column_inner][vc_column_inner width=&#8221;1\/2&#8243; css=&#8221;.vc_custom_1493190003028{margin-bottom: 30px !important;padding-top: 0px !important;}&#8221;][vc_custom_heading text=&#8221;<strong>VRW<\/strong> is an agency that conceives and produces immersive content in 360\u00b0 in Virtual Reality (VR) and Augmented Reality (AR).<\/p>\n<p>We create a new generation of multiplatform experiences that can combine real-life images captured in 360 with computer-generated interactive content.<\/p>\n<p>We seek out the highest quality to transport VR users to the experience centre, thus creating an instant emotional link.&#8221; font_container=&#8221;tag:div|text_align:left&#8221; font_weight=&#8221;&#8221; css=&#8221;.vc_custom_1531233022230{margin-top: 10px !important;}&#8221; el_class=&#8221;mw-560-l&#8221;][vc_empty_space height=&#8221;30px&#8221;][\/vc_column_inner][\/vc_row_inner][\/vc_column][\/vc_row][vc_row full_width=&#8221;stretch_row&#8221; el_class=&#8221;bg-center bg-norepeat&#8221; css=&#8221;.vc_custom_1519295107401{margin-bottom: 80px !important;background-position: 0 0 !important;background-repeat: no-repeat !important;}&#8221;][vc_column css=&#8221;.vc_custom_1493181460956{padding-top: 0px !important;}&#8221;][vc_row_inner css=&#8221;.vc_custom_1517920229287{margin-bottom: 20px !important;}&#8221;][vc_column_inner width=&#8221;1\/2&#8243; css=&#8221;.vc_custom_1493189988909{margin-bottom: 30px !important;padding-top: 0px !important;}&#8221;][vc_custom_heading text=&#8221;Our team combines creativity and technical skills.<\/p>\n<p>We are multidisciplinary, incorporating marketing, creating, development, production,<br \/>\nsound design, animators, modelling, copy and human sciences.<\/p>\n<p>We use 8K image capture and 360\u00b0 audio equipment.<\/p>\n<p>We respond to ambitious challenges.<\/p>\n<p><strong>We bring the future to your brand.<\/strong><br \/>\n&#8221; font_container=&#8221;tag:p|text_align:left&#8221; font_weight=&#8221;&#8221; css=&#8221;.vc_custom_1531233133754{margin-top: 10px !important;}&#8221;][insight_button link=&#8221;url:https%3A%2F%2Fvrw.pt%2Fen%2Fcontacts%2F|title:Contact%20us||&#8221;][\/vc_column_inner][vc_column_inner width=&#8221;1\/2&#8243; css=&#8221;.vc_custom_1493190003028{margin-bottom: 30px !important;padding-top: 0px !important;}&#8221;][vc_single_image image=&#8221;2131&#8243; img_size=&#8221;full&#8221; el_class=&#8221;has-shadow has-bg mm-0&#8243; css=&#8221;.vc_custom_1517921101330{margin-left: 80px !important;}&#8221;][vc_empty_space height=&#8221;30px&#8221;][\/vc_column_inner][\/vc_row_inner][\/vc_column][\/vc_row][vc_row full_width=&#8221;stretch_row&#8221; disable_element=&#8221;yes&#8221; css=&#8221;.vc_custom_1518430468158{padding-top: 40px !important;padding-bottom: 10px !important;background-color: #f6f7f7 !important;}&#8221;][vc_column offset=&#8221;vc_col-lg-offset-0 vc_col-md-offset-0&#8243;][vc_custom_heading text=&#8221;CONHE\u00c7A A NOSSA EQUIPA&#8221; font_container=&#8221;tag:h2|font_size:32|text_align:center|color:%230066ff&#8221; font_weight=&#8221;&#8221; css=&#8221;.vc_custom_1517910389656{margin-top: 10px !important;}&#8221;][vc_custom_heading text=&#8221;Usamos a nossa criatividade, conhecimento t\u00e9cnico e experi\u00eancia para criar liga\u00e7\u00f5es emocionantes e plenas de significado em Realidade Virtual.&#8221; font_container=&#8221;tag:p|text_align:center&#8221; font_weight=&#8221;&#8221; css=&#8221;.vc_custom_1517910367136{margin-top: 10px !important;}&#8221;][\/vc_column][\/vc_row][vc_row full_width=&#8221;stretch_row&#8221; disable_element=&#8221;yes&#8221; css=&#8221;.vc_custom_1518430481109{padding-bottom: 120px !important;background-color: #f6f7f7 !important;}&#8221;][vc_column][insight_team_carousel image_size=&#8221;02&#8243; slides_to_display=&#8221;3&#8243; enable_autoplay=&#8221;false&#8221; display_arrows=&#8221;false&#8221; members=&#8221;152,1305,150&#8243;][\/vc_column][\/vc_row][vc_row disable_element=&#8221;yes&#8221; css=&#8221;.vc_custom_1518430521945{padding-top: 0px !important;padding-bottom: 100px !important;}&#8221;][vc_column css=&#8221;.vc_custom_1493196102389{padding-top: 0px !important;}&#8221;][vc_single_image image=&#8221;2136&#8243; img_size=&#8221;full&#8221; alignment=&#8221;center&#8221; css=&#8221;.vc_custom_1517921660023{margin-top: -50px !important;margin-bottom: 0px !important;}&#8221;][vc_custom_heading text=&#8221;O que dizem sobre n\u00f3s&#8221; font_container=&#8221;tag:h2|text_align:center|color:%230066ff&#8221; font_weight=&#8221;&#8221;][vc_empty_space height=&#8221;24px&#8221;][vc_empty_space height=&#8221;70px&#8221;][insight_testimonial display_bullets=&#8221;false&#8221; display_arrows=&#8221;false&#8221; slides_to_display=&#8221;1&#8243; testimonials=&#8221;%5B%7B%22title%22%3A%22The%20best%20film%20studio%22%2C%22content%22%3A%22They%20all%20are%20witnesses.%C2%A0If%20you%20or%20your%20organization%20have%20a%20story%20to%20tell%2C%20an%20idea%20to%20share%20or%20word%20to%20spread%2C%20the%20Nine%20Studio%20can%20help%20you%20bring%20it%20to%20life.%20They%20can%20assist%20with%20narrative%20exploration%2C%20director%20contacts%20and%20production%20strategies.%22%2C%22name%22%3A%22Jerry%20Hansen%22%2C%22tagline%22%3A%22Actor%22%7D%2C%7B%22title%22%3A%22The%20best%20film%20studio%22%2C%22content%22%3A%22They%20all%20are%20witnesses.%C2%A0If%20you%20or%20your%20organization%20have%20a%20story%20to%20tell%2C%20an%20idea%20to%20share%20or%20word%20to%20spread%2C%20the%20Nine%20Studio%20can%20help%20you%20bring%20it%20to%20life.%20They%20can%20assist%20with%20narrative%20exploration%2C%20director%20contacts%20and%20production%20strategies.%22%2C%22name%22%3A%22Jerry%20Hansen%22%2C%22tagline%22%3A%22Actor%22%7D%2C%7B%22title%22%3A%22The%20best%20film%20studio%22%2C%22content%22%3A%22They%20all%20are%20witnesses.%C2%A0If%20you%20or%20your%20organization%20have%20a%20story%20to%20tell%2C%20an%20idea%20to%20share%20or%20word%20to%20spread%2C%20the%20Nine%20Studio%20can%20help%20you%20bring%20it%20to%20life.%20They%20can%20assist%20with%20narrative%20exploration%2C%20director%20contacts%20and%20production%20strategies.%22%2C%22name%22%3A%22Jerry%20Hansen%22%2C%22tagline%22%3A%22Actor%22%7D%5D&#8221;][\/vc_column][\/vc_row][vc_row css=&#8221;.vc_custom_1483069879372{border-top-width: 1px !important;padding-top: 50px !important;padding-bottom: 50px !important;border-top-color: #eeeeee !important;border-top-style: solid !important;}&#8221;][vc_column css=&#8221;.vc_custom_1482893011951{padding-top: 0px !important;}&#8221;][vc_custom_heading text=&#8221;PARTNERS&#8221; font_container=&#8221;tag:h2|text_align:center|color:%230066ff&#8221; font_weight=&#8221;&#8221;][insight_carousel slides_per_row=&#8221;3&#8243; images=&#8221;2200,2201,2199&#8243; css=&#8221;.vc_custom_1518718265703{margin-bottom: 0px !important;}&#8221;][\/vc_column][\/vc_row]<\/p>\n<!-- AddThis Advanced Settings generic via filter on the_content --><!-- AddThis Share Buttons generic via filter on the_content -->","protected":false},"excerpt":{"rendered":"<p>[vc_row full_width=&#8221;stretch_row_content&#8221; el_class=&#8221;bg-center bg-norepeat&#8221; css=&#8221;.vc_custom_1519295117669{margin-bottom: 80px !important;background-position: 0 0 !important;background-repeat: no-repeat !important;}&#8221;][vc_column css=&#8221;.vc_custom_1493181460956{padding-top: 0px !important;}&#8221;][vc_row_inner content_placement=&#8221;middle&#8221; css=&#8221;.vc_custom_1493195070708{margin-bottom: 20px !important;}&#8221;][vc_column_inner width=&#8221;1\/2&#8243; css=&#8221;.vc_custom_1493189988909{margin-bottom: 30px !important;padding-top: 0px !important;}&#8221;][vc_single_image image=&#8221;2126&#8243; img_size=&#8221;full&#8221; alignment=&#8221;right&#8221; css=&#8221;.vc_custom_1517921487510{margin-right: 80px !important;margin-bottom: 0px !important;}&#8221;][\/vc_column_inner][vc_column_inner width=&#8221;1\/2&#8243; css=&#8221;.vc_custom_1493190003028{margin-bottom: 30px !important;padding-top: 0px !important;}&#8221;][vc_custom_heading text=&#8221;VRW is an agency that conceives and produces immersive content in 360\u00b0 in Virtual Reality (VR)&#8230;<!-- AddThis Advanced Settings generic via filter on get_the_excerpt --><!-- AddThis Share Buttons generic via filter on get_the_excerpt --><\/p>\n","protected":false},"author":1,"featured_media":0,"parent":0,"menu_order":0,"comment_status":"closed","ping_status":"closed","template":"","meta":{"inline_featured_image":false,"footnotes":""},"_links":{"self":[{"href":"https:\/\/vrw.pt\/en\/wp-json\/wp\/v2\/pages\/2438"}],"collection":[{"href":"https:\/\/vrw.pt\/en\/wp-json\/wp\/v2\/pages"}],"about":[{"href":"https:\/\/vrw.pt\/en\/wp-json\/wp\/v2\/types\/page"}],"author":[{"embeddable":true,"href":"https:\/\/vrw.pt\/en\/wp-json\/wp\/v2\/users\/1"}],"replies":[{"embeddable":true,"href":"https:\/\/vrw.pt\/en\/wp-json\/wp\/v2\/comments?post=2438"}],"version-history":[{"count":8,"href":"https:\/\/vrw.pt\/en\/wp-json\/wp\/v2\/pages\/2438\/revisions"}],"predecessor-version":[{"id":2656,"href":"https:\/\/vrw.pt\/en\/wp-json\/wp\/v2\/pages\/2438\/revisions\/2656"}],"wp:attachment":[{"href":"https:\/\/vrw.pt\/en\/wp-json\/wp\/v2\/media?parent=2438"}],"curies":[{"name":"wp","href":"https:\/\/api.w.org\/{rel}","templated":true}]}}